{"id":125,"date":"2020-05-06T23:48:02","date_gmt":"2020-05-06T21:48:02","guid":{"rendered":"http:\/\/laperlecafe.fr\/?page_id=125"},"modified":"2020-05-08T01:08:14","modified_gmt":"2020-05-07T23:08:14","slug":"lhistoire","status":"publish","type":"page","link":"https:\/\/laperlecafe.fr\/index.php\/lhistoire\/","title":{"rendered":"L\u2019histoire"},"content":{"rendered":"\n<blockquote class=\"wp-block-quote is-style-large is-layout-flow wp-block-quote-is-layout-flow\"><p><em>R\u00e9dig\u00e9e d\u2019apr\u00e8s l\u2019interview de Lau\u00adrent Mes\u00adsager dit \u00ab&nbsp;Lolo \u00bb, men\u00e9e par Michel Sour\u00adget et Dom Ces\u00adbron<\/em> <em>le 1<\/em><sup><em>er<\/em><\/sup><em> F\u00e9vri\u00ader 2019 de 10h30 \u00e0 11h30, puis le 9 F\u00e9vri\u00ader de 10h15 \u00e0&nbsp;11h.<\/em><\/p><\/blockquote>\n\n\n\n<h2 class=\"wp-block-heading\"><a href=\"http:\/\/laperlecafe.fr\/?p=128\">Premi\u00e8re p\u00e9riode, Laurent salari\u00e9 (1994 \u2013&nbsp;2000)<\/a><\/h2>\n\n\n\n<h2 class=\"wp-block-heading\"><a href=\"http:\/\/laperlecafe.fr\/index.php\/2020\/05\/07\/deuxieme-periode-laurent-gerant-2000-2009\/\">Deuxi\u00e8me p\u00e9riode, Laurent g\u00e9rant (2000\u20132009)<\/a><\/h2>\n","protected":false},"excerpt":{"rendered":"<p>R\u00e9dig\u00e9e d\u2019apr\u00e8s l\u2019interview de Lau\u00adrent Mes\u00adsager dit \u00ab&nbsp;Lolo \u00bb, men\u00e9e par Michel Sour\u00adget et Dom Ces\u00adbron le 1er F\u00e9vri\u00ader 2019 de 10h30 \u00e0 11h30, puis le 9 F\u00e9vri\u00ader de&nbsp;10h15&nbsp;[\u2026]<\/p>\n","protected":false},"author":1,"featured_media":236,"parent":0,"menu_order":0,"comment_status":"closed","ping_status":"closed","template":"","meta":{"wp_typography_post_enhancements_disabled":false,"footnotes":""},"class_list":["post-125","page","type-page","status-publish","has-post-thumbnail","hentry"],"yoast_head":"<!-- This site is optimized with the Yoast SEO plugin v26.5 - https:\/\/yoast.com\/wordpress\/plugins\/seo\/ -->\n<title>L&#039;histoire - La Perle<\/title>\n<meta name=\"robots\" content=\"index, follow, max-snippet:-1, max-image-preview:large, max-video-preview:-1\" \/>\n<link rel=\"canonical\" href=\"https:\/\/laperlecafe.fr\/index.php\/lhistoire\/\" \/>\n<meta property=\"og:locale\" content=\"fr_FR\" \/>\n<meta property=\"og:type\" content=\"article\" \/>\n<meta property=\"og:title\" content=\"L&#039;histoire - La Perle\" \/>\n<meta property=\"og:description\" content=\"R\u00e9dig\u00e9e d\u2019apr\u00e8s l\u2019interview de Lau\u00adrent Mes\u00adsager dit \u00ab&nbsp;Lolo \u00bb, men\u00e9e par Michel Sour\u00adget et Dom Ces\u00adbron le 1er F\u00e9vri\u00ader 2019 de 10h30 \u00e0 11h30, puis le 9 F\u00e9vri\u00ader de 10h15 [&hellip;]\" \/>\n<meta property=\"og:url\" content=\"https:\/\/laperlecafe.fr\/index.php\/lhistoire\/\" \/>\n<meta property=\"og:site_name\" content=\"La Perle\" \/>\n<meta property=\"article:modified_time\" content=\"2020-05-07T23:08:14+00:00\" \/>\n<meta property=\"og:image\" content=\"https:\/\/laperlecafe.fr\/wp-content\/uploads\/2020\/05\/8702131330_b5471016e8_h.jpg\" \/>\n\t<meta property=\"og:image:width\" content=\"1536\" \/>\n\t<meta property=\"og:image:height\" content=\"1024\" \/>\n\t<meta property=\"og:image:type\" content=\"image\/jpeg\" \/>\n<meta name=\"twitter:card\" content=\"summary_large_image\" \/>\n<script type=\"application\/ld+json\" class=\"yoast-schema-graph\">{\"@context\":\"https:\/\/schema.org\",\"@graph\":[{\"@type\":\"WebPage\",\"@id\":\"https:\/\/laperlecafe.fr\/index.php\/lhistoire\/\",\"url\":\"https:\/\/laperlecafe.fr\/index.php\/lhistoire\/\",\"name\":\"L'histoire - La Perle\",\"isPartOf\":{\"@id\":\"https:\/\/laperlecafe.fr\/#website\"},\"primaryImageOfPage\":{\"@id\":\"https:\/\/laperlecafe.fr\/index.php\/lhistoire\/#primaryimage\"},\"image\":{\"@id\":\"https:\/\/laperlecafe.fr\/index.php\/lhistoire\/#primaryimage\"},\"thumbnailUrl\":\"https:\/\/laperlecafe.fr\/wp-content\/uploads\/2020\/05\/8702131330_b5471016e8_h.jpg\",\"datePublished\":\"2020-05-06T21:48:02+00:00\",\"dateModified\":\"2020-05-07T23:08:14+00:00\",\"breadcrumb\":{\"@id\":\"https:\/\/laperlecafe.fr\/index.php\/lhistoire\/#breadcrumb\"},\"inLanguage\":\"fr-FR\",\"potentialAction\":[{\"@type\":\"ReadAction\",\"target\":[\"https:\/\/laperlecafe.fr\/index.php\/lhistoire\/\"]}]},{\"@type\":\"ImageObject\",\"inLanguage\":\"fr-FR\",\"@id\":\"https:\/\/laperlecafe.fr\/index.php\/lhistoire\/#primaryimage\",\"url\":\"https:\/\/laperlecafe.fr\/wp-content\/uploads\/2020\/05\/8702131330_b5471016e8_h.jpg\",\"contentUrl\":\"https:\/\/laperlecafe.fr\/wp-content\/uploads\/2020\/05\/8702131330_b5471016e8_h.jpg\",\"width\":1536,\"height\":1024,\"caption\":\"photo ValK\"},{\"@type\":\"BreadcrumbList\",\"@id\":\"https:\/\/laperlecafe.fr\/index.php\/lhistoire\/#breadcrumb\",\"itemListElement\":[{\"@type\":\"ListItem\",\"position\":1,\"name\":\"Accueil\",\"item\":\"https:\/\/laperlecafe.fr\/\"},{\"@type\":\"ListItem\",\"position\":2,\"name\":\"L\u2019histoire\"}]},{\"@type\":\"WebSite\",\"@id\":\"https:\/\/laperlecafe.fr\/#website\",\"url\":\"https:\/\/laperlecafe.fr\/\",\"name\":\"La Perle\",\"description\":\"collectif perlusien\",\"publisher\":{\"@id\":\"https:\/\/laperlecafe.fr\/#organization\"},\"potentialAction\":[{\"@type\":\"SearchAction\",\"target\":{\"@type\":\"EntryPoint\",\"urlTemplate\":\"https:\/\/laperlecafe.fr\/?s={search_term_string}\"},\"query-input\":{\"@type\":\"PropertyValueSpecification\",\"valueRequired\":true,\"valueName\":\"search_term_string\"}}],\"inLanguage\":\"fr-FR\"},{\"@type\":\"Organization\",\"@id\":\"https:\/\/laperlecafe.fr\/#organization\",\"name\":\"La Perle\",\"url\":\"https:\/\/laperlecafe.fr\/\",\"logo\":{\"@type\":\"ImageObject\",\"inLanguage\":\"fr-FR\",\"@id\":\"https:\/\/laperlecafe.fr\/#\/schema\/logo\/image\/\",\"url\":\"https:\/\/laperlecafe.fr\/wp-content\/uploads\/2023\/03\/cropped-Bandeau-site-rouge.jpg\",\"contentUrl\":\"https:\/\/laperlecafe.fr\/wp-content\/uploads\/2023\/03\/cropped-Bandeau-site-rouge.jpg\",\"width\":2076,\"height\":300,\"caption\":\"La Perle\"},\"image\":{\"@id\":\"https:\/\/laperlecafe.fr\/#\/schema\/logo\/image\/\"}}]}<\/script>\n<!-- \/ Yoast SEO plugin. -->","yoast_head_json":{"title":"L'histoire - La Perle","robots":{"index":"index","follow":"follow","max-snippet":"max-snippet:-1","max-image-preview":"max-image-preview:large","max-video-preview":"max-video-preview:-1"},"canonical":"https:\/\/laperlecafe.fr\/index.php\/lhistoire\/","og_locale":"fr_FR","og_type":"article","og_title":"L'histoire - La Perle","og_description":"R\u00e9dig\u00e9e d\u2019apr\u00e8s l\u2019interview de Lau\u00adrent Mes\u00adsager dit \u00ab&nbsp;Lolo \u00bb, men\u00e9e par Michel Sour\u00adget et Dom Ces\u00adbron le 1er F\u00e9vri\u00ader 2019 de 10h30 \u00e0 11h30, puis le 9 F\u00e9vri\u00ader de 10h15 [&hellip;]","og_url":"https:\/\/laperlecafe.fr\/index.php\/lhistoire\/","og_site_name":"La Perle","article_modified_time":"2020-05-07T23:08:14+00:00","og_image":[{"width":1536,"height":1024,"url":"https:\/\/laperlecafe.fr\/wp-content\/uploads\/2020\/05\/8702131330_b5471016e8_h.jpg","type":"image\/jpeg"}],"twitter_card":"summary_large_image","schema":{"@context":"https:\/\/schema.org","@graph":[{"@type":"WebPage","@id":"https:\/\/laperlecafe.fr\/index.php\/lhistoire\/","url":"https:\/\/laperlecafe.fr\/index.php\/lhistoire\/","name":"L'histoire - La Perle","isPartOf":{"@id":"https:\/\/laperlecafe.fr\/#website"},"primaryImageOfPage":{"@id":"https:\/\/laperlecafe.fr\/index.php\/lhistoire\/#primaryimage"},"image":{"@id":"https:\/\/laperlecafe.fr\/index.php\/lhistoire\/#primaryimage"},"thumbnailUrl":"https:\/\/laperlecafe.fr\/wp-content\/uploads\/2020\/05\/8702131330_b5471016e8_h.jpg","datePublished":"2020-05-06T21:48:02+00:00","dateModified":"2020-05-07T23:08:14+00:00","breadcrumb":{"@id":"https:\/\/laperlecafe.fr\/index.php\/lhistoire\/#breadcrumb"},"inLanguage":"fr-FR","potentialAction":[{"@type":"ReadAction","target":["https:\/\/laperlecafe.fr\/index.php\/lhistoire\/"]}]},{"@type":"ImageObject","inLanguage":"fr-FR","@id":"https:\/\/laperlecafe.fr\/index.php\/lhistoire\/#primaryimage","url":"https:\/\/laperlecafe.fr\/wp-content\/uploads\/2020\/05\/8702131330_b5471016e8_h.jpg","contentUrl":"https:\/\/laperlecafe.fr\/wp-content\/uploads\/2020\/05\/8702131330_b5471016e8_h.jpg","width":1536,"height":1024,"caption":"photo ValK"},{"@type":"BreadcrumbList","@id":"https:\/\/laperlecafe.fr\/index.php\/lhistoire\/#breadcrumb","itemListElement":[{"@type":"ListItem","position":1,"name":"Accueil","item":"https:\/\/laperlecafe.fr\/"},{"@type":"ListItem","position":2,"name":"L\u2019histoire"}]},{"@type":"WebSite","@id":"https:\/\/laperlecafe.fr\/#website","url":"https:\/\/laperlecafe.fr\/","name":"La Perle","description":"collectif perlusien","publisher":{"@id":"https:\/\/laperlecafe.fr\/#organization"},"potentialAction":[{"@type":"SearchAction","target":{"@type":"EntryPoint","urlTemplate":"https:\/\/laperlecafe.fr\/?s={search_term_string}"},"query-input":{"@type":"PropertyValueSpecification","valueRequired":true,"valueName":"search_term_string"}}],"inLanguage":"fr-FR"},{"@type":"Organization","@id":"https:\/\/laperlecafe.fr\/#organization","name":"La Perle","url":"https:\/\/laperlecafe.fr\/","logo":{"@type":"ImageObject","inLanguage":"fr-FR","@id":"https:\/\/laperlecafe.fr\/#\/schema\/logo\/image\/","url":"https:\/\/laperlecafe.fr\/wp-content\/uploads\/2023\/03\/cropped-Bandeau-site-rouge.jpg","contentUrl":"https:\/\/laperlecafe.fr\/wp-content\/uploads\/2023\/03\/cropped-Bandeau-site-rouge.jpg","width":2076,"height":300,"caption":"La Perle"},"image":{"@id":"https:\/\/laperlecafe.fr\/#\/schema\/logo\/image\/"}}]}},"_links":{"self":[{"href":"https:\/\/laperlecafe.fr\/index.php\/wp-json\/wp\/v2\/pages\/125","targetHints":{"allow":["GET"]}}],"collection":[{"href":"https:\/\/laperlecafe.fr\/index.php\/wp-json\/wp\/v2\/pages"}],"about":[{"href":"https:\/\/laperlecafe.fr\/index.php\/wp-json\/wp\/v2\/types\/page"}],"author":[{"embeddable":true,"href":"https:\/\/laperlecafe.fr\/index.php\/wp-json\/wp\/v2\/users\/1"}],"replies":[{"embeddable":true,"href":"https:\/\/laperlecafe.fr\/index.php\/wp-json\/wp\/v2\/comments?post=125"}],"version-history":[{"count":6,"href":"https:\/\/laperlecafe.fr\/index.php\/wp-json\/wp\/v2\/pages\/125\/revisions"}],"predecessor-version":[{"id":227,"href":"https:\/\/laperlecafe.fr\/index.php\/wp-json\/wp\/v2\/pages\/125\/revisions\/227"}],"wp:featuredmedia":[{"embeddable":true,"href":"https:\/\/laperlecafe.fr\/index.php\/wp-json\/wp\/v2\/media\/236"}],"wp:attachment":[{"href":"https:\/\/laperlecafe.fr\/index.php\/wp-json\/wp\/v2\/media?parent=125"}],"curies":[{"name":"wp","href":"https:\/\/api.w.org\/{rel}","templated":true}]}}