{"id":320,"date":"2020-09-06T19:32:28","date_gmt":"2020-09-06T17:32:28","guid":{"rendered":"http:\/\/laperlecafe.fr\/?page_id=320"},"modified":"2023-09-12T19:10:34","modified_gmt":"2023-09-12T17:10:34","slug":"lassociation","status":"publish","type":"page","link":"https:\/\/laperlecafe.fr\/index.php\/lassociation\/","title":{"rendered":"L\u2019association La Perle \u2013 collectif perlusien"},"content":{"rendered":"\n<p class=\"has-text-align-center\"><\/p>\n\n\n\n<p class=\"has-medium-font-size\">La Per\u00adle \u2013 col\u00adlec\u00adtif per\u00adlusien est con\u00adsti\u00adtu\u00e9 sous la forme d\u2019une asso\u00adci\u00ada\u00adtion depuis le 14 juin 2020 (<a href=\"http:\/\/laperlecafe.fr\/index.php\/2020\/09\/06\/parution-au-jo\/\">paru\u00adtion au JO le 27 juin 2020<\/a>). <\/p>\n\n\n\n<p class=\"has-medium-font-size\">Toutes les per\u00adson\u00adnes int\u00e9ress\u00e9es par l\u2019avenir de notre caf\u00e9 peu\u00advent adh\u00e9r\u00ader pour soutenir l\u2019ac\u00adtion, par\u00adticiper aux activ\u00adit\u00e9s, \u00eatre infor\u00adm\u00e9es de l\u2019\u00e9vo\u00adlu\u00adtion du pro\u00adjet, don\u00adner un coup de main ponctuelle\u00adment ou r\u00e9guli\u00e8rement.<\/p>\n\n\n\n<p class=\"has-medium-font-size\">Chaque mem\u00adbre adh\u00e8re aux <a href=\"http:\/\/laperlecafe.fr\/index.php\/2020\/09\/06\/statuts-de-lassociation-cccp\/\">statuts de l\u2019as\u00adso\u00adci\u00ada\u00adtion<\/a>.<\/p>\n\n\n\n<p class=\"has-medium-font-size\">En adh\u00e9rant \u00e0 l\u2019as\u00adso\u00adci\u00ada\u00adtion, vous par\u00adticipez d\u00e9j\u00e0 \u00e0 la vie du bistrot en nous don\u00adnant les moyens d\u2019y organ\u00adis\u00ader des \u00e9v\u00e9ne\u00adments, de l\u2019am\u00e9lior\u00ader en achetant du mat\u00e9riel, etc. Mais vous pour\u00adrez aus\u00adsi <strong>organ\u00adis\u00ader vous-m\u00eame des ani\u00adma\u00adtions ou des r\u00e9u\u00adnions<\/strong> et, pourquoi pas, <strong>pass\u00ader der\u00adri\u00e8re le bar<\/strong> pour com\u00adpl\u00e9ter les cr\u00e9neaux d\u2019ou\u00adver\u00adture ou venir en ren\u00adfort lors de gross\u00ades journ\u00e9es\/soir\u00e9es et \u00e7a, c\u2019est&nbsp;bien&nbsp;!<\/p>\n\n\n\n<p class=\"has-text-align-center has-large-font-size\">Pour adh\u00e9r\u00ader \u00e0 l\u2019as\u00adso\u00adci\u00ada\u00adtion, c\u2019est <a href=\"http:\/\/laperlecafe.fr\/index.php\/2020\/09\/06\/devenir-membre-de-lassociation\/\">par l\u00e0<\/a><\/p>\n","protected":false},"excerpt":{"rendered":"<p>La Per\u00adle \u2013 col\u00adlec\u00adtif per\u00adlusien est con\u00adsti\u00adtu\u00e9 sous la forme d\u2019une asso\u00adci\u00ada\u00adtion depuis le 14 juin 2020 (paru\u00adtion au JO le 27 juin 2020). Toutes les per\u00adson\u00adnes int\u00e9ress\u00e9es par l\u2019avenir [\u2026]<\/p>\n","protected":false},"author":1,"featured_media":0,"parent":0,"menu_order":0,"comment_status":"closed","ping_status":"closed","template":"","meta":{"wp_typography_post_enhancements_disabled":false,"footnotes":""},"class_list":["post-320","page","type-page","status-publish","hentry"],"yoast_head":"<!-- This site is optimized with the Yoast SEO plugin v26.5 - https:\/\/yoast.com\/wordpress\/plugins\/seo\/ -->\n<title>L&#039;association La Perle \u2013 collectif perlusien - La Perle<\/title>\n<meta name=\"robots\" content=\"index, follow, max-snippet:-1, max-image-preview:large, max-video-preview:-1\" \/>\n<link rel=\"canonical\" href=\"https:\/\/laperlecafe.fr\/index.php\/lassociation\/\" \/>\n<meta property=\"og:locale\" content=\"fr_FR\" \/>\n<meta property=\"og:type\" content=\"article\" \/>\n<meta property=\"og:title\" content=\"L&#039;association La Perle \u2013 collectif perlusien - La Perle\" \/>\n<meta property=\"og:description\" content=\"La Per\u00adle \u2013 col\u00adlec\u00adtif per\u00adlusien est con\u00adsti\u00adtu\u00e9 sous la forme d\u2019une asso\u00adci\u00ada\u00adtion depuis le 14 juin 2020 (paru\u00adtion au JO le 27 juin 2020). Toutes les per\u00adson\u00adnes int\u00e9ress\u00e9es par l\u2019avenir [&hellip;]\" \/>\n<meta property=\"og:url\" content=\"https:\/\/laperlecafe.fr\/index.php\/lassociation\/\" \/>\n<meta property=\"og:site_name\" content=\"La Perle\" \/>\n<meta property=\"article:modified_time\" content=\"2023-09-12T17:10:34+00:00\" \/>\n<meta name=\"twitter:card\" content=\"summary_large_image\" \/>\n<meta name=\"twitter:label1\" content=\"Dur\u00e9e de lecture estim\u00e9e\" \/>\n\t<meta name=\"twitter:data1\" content=\"1 minute\" \/>\n<script type=\"application\/ld+json\" class=\"yoast-schema-graph\">{\"@context\":\"https:\/\/schema.org\",\"@graph\":[{\"@type\":\"WebPage\",\"@id\":\"https:\/\/laperlecafe.fr\/index.php\/lassociation\/\",\"url\":\"https:\/\/laperlecafe.fr\/index.php\/lassociation\/\",\"name\":\"L'association La Perle \u2013 collectif perlusien - La Perle\",\"isPartOf\":{\"@id\":\"https:\/\/laperlecafe.fr\/#website\"},\"datePublished\":\"2020-09-06T17:32:28+00:00\",\"dateModified\":\"2023-09-12T17:10:34+00:00\",\"breadcrumb\":{\"@id\":\"https:\/\/laperlecafe.fr\/index.php\/lassociation\/#breadcrumb\"},\"inLanguage\":\"fr-FR\",\"potentialAction\":[{\"@type\":\"ReadAction\",\"target\":[\"https:\/\/laperlecafe.fr\/index.php\/lassociation\/\"]}]},{\"@type\":\"BreadcrumbList\",\"@id\":\"https:\/\/laperlecafe.fr\/index.php\/lassociation\/#breadcrumb\",\"itemListElement\":[{\"@type\":\"ListItem\",\"position\":1,\"name\":\"Accueil\",\"item\":\"https:\/\/laperlecafe.fr\/\"},{\"@type\":\"ListItem\",\"position\":2,\"name\":\"L\u2019association La Perle \u2013 collectif perlusien\"}]},{\"@type\":\"WebSite\",\"@id\":\"https:\/\/laperlecafe.fr\/#website\",\"url\":\"https:\/\/laperlecafe.fr\/\",\"name\":\"La Perle\",\"description\":\"collectif perlusien\",\"publisher\":{\"@id\":\"https:\/\/laperlecafe.fr\/#organization\"},\"potentialAction\":[{\"@type\":\"SearchAction\",\"target\":{\"@type\":\"EntryPoint\",\"urlTemplate\":\"https:\/\/laperlecafe.fr\/?s={search_term_string}\"},\"query-input\":{\"@type\":\"PropertyValueSpecification\",\"valueRequired\":true,\"valueName\":\"search_term_string\"}}],\"inLanguage\":\"fr-FR\"},{\"@type\":\"Organization\",\"@id\":\"https:\/\/laperlecafe.fr\/#organization\",\"name\":\"La Perle\",\"url\":\"https:\/\/laperlecafe.fr\/\",\"logo\":{\"@type\":\"ImageObject\",\"inLanguage\":\"fr-FR\",\"@id\":\"https:\/\/laperlecafe.fr\/#\/schema\/logo\/image\/\",\"url\":\"https:\/\/laperlecafe.fr\/wp-content\/uploads\/2023\/03\/cropped-Bandeau-site-rouge.jpg\",\"contentUrl\":\"https:\/\/laperlecafe.fr\/wp-content\/uploads\/2023\/03\/cropped-Bandeau-site-rouge.jpg\",\"width\":2076,\"height\":300,\"caption\":\"La Perle\"},\"image\":{\"@id\":\"https:\/\/laperlecafe.fr\/#\/schema\/logo\/image\/\"}}]}<\/script>\n<!-- \/ Yoast SEO plugin. -->","yoast_head_json":{"title":"L'association La Perle \u2013 collectif perlusien - La Perle","robots":{"index":"index","follow":"follow","max-snippet":"max-snippet:-1","max-image-preview":"max-image-preview:large","max-video-preview":"max-video-preview:-1"},"canonical":"https:\/\/laperlecafe.fr\/index.php\/lassociation\/","og_locale":"fr_FR","og_type":"article","og_title":"L'association La Perle \u2013 collectif perlusien - La Perle","og_description":"La Per\u00adle \u2013 col\u00adlec\u00adtif per\u00adlusien est con\u00adsti\u00adtu\u00e9 sous la forme d\u2019une asso\u00adci\u00ada\u00adtion depuis le 14 juin 2020 (paru\u00adtion au JO le 27 juin 2020). Toutes les per\u00adson\u00adnes int\u00e9ress\u00e9es par l\u2019avenir [&hellip;]","og_url":"https:\/\/laperlecafe.fr\/index.php\/lassociation\/","og_site_name":"La Perle","article_modified_time":"2023-09-12T17:10:34+00:00","twitter_card":"summary_large_image","twitter_misc":{"Dur\u00e9e de lecture estim\u00e9e":"1 minute"},"schema":{"@context":"https:\/\/schema.org","@graph":[{"@type":"WebPage","@id":"https:\/\/laperlecafe.fr\/index.php\/lassociation\/","url":"https:\/\/laperlecafe.fr\/index.php\/lassociation\/","name":"L'association La Perle \u2013 collectif perlusien - La Perle","isPartOf":{"@id":"https:\/\/laperlecafe.fr\/#website"},"datePublished":"2020-09-06T17:32:28+00:00","dateModified":"2023-09-12T17:10:34+00:00","breadcrumb":{"@id":"https:\/\/laperlecafe.fr\/index.php\/lassociation\/#breadcrumb"},"inLanguage":"fr-FR","potentialAction":[{"@type":"ReadAction","target":["https:\/\/laperlecafe.fr\/index.php\/lassociation\/"]}]},{"@type":"BreadcrumbList","@id":"https:\/\/laperlecafe.fr\/index.php\/lassociation\/#breadcrumb","itemListElement":[{"@type":"ListItem","position":1,"name":"Accueil","item":"https:\/\/laperlecafe.fr\/"},{"@type":"ListItem","position":2,"name":"L\u2019association La Perle \u2013 collectif perlusien"}]},{"@type":"WebSite","@id":"https:\/\/laperlecafe.fr\/#website","url":"https:\/\/laperlecafe.fr\/","name":"La Perle","description":"collectif perlusien","publisher":{"@id":"https:\/\/laperlecafe.fr\/#organization"},"potentialAction":[{"@type":"SearchAction","target":{"@type":"EntryPoint","urlTemplate":"https:\/\/laperlecafe.fr\/?s={search_term_string}"},"query-input":{"@type":"PropertyValueSpecification","valueRequired":true,"valueName":"search_term_string"}}],"inLanguage":"fr-FR"},{"@type":"Organization","@id":"https:\/\/laperlecafe.fr\/#organization","name":"La Perle","url":"https:\/\/laperlecafe.fr\/","logo":{"@type":"ImageObject","inLanguage":"fr-FR","@id":"https:\/\/laperlecafe.fr\/#\/schema\/logo\/image\/","url":"https:\/\/laperlecafe.fr\/wp-content\/uploads\/2023\/03\/cropped-Bandeau-site-rouge.jpg","contentUrl":"https:\/\/laperlecafe.fr\/wp-content\/uploads\/2023\/03\/cropped-Bandeau-site-rouge.jpg","width":2076,"height":300,"caption":"La Perle"},"image":{"@id":"https:\/\/laperlecafe.fr\/#\/schema\/logo\/image\/"}}]}},"_links":{"self":[{"href":"https:\/\/laperlecafe.fr\/index.php\/wp-json\/wp\/v2\/pages\/320","targetHints":{"allow":["GET"]}}],"collection":[{"href":"https:\/\/laperlecafe.fr\/index.php\/wp-json\/wp\/v2\/pages"}],"about":[{"href":"https:\/\/laperlecafe.fr\/index.php\/wp-json\/wp\/v2\/types\/page"}],"author":[{"embeddable":true,"href":"https:\/\/laperlecafe.fr\/index.php\/wp-json\/wp\/v2\/users\/1"}],"replies":[{"embeddable":true,"href":"https:\/\/laperlecafe.fr\/index.php\/wp-json\/wp\/v2\/comments?post=320"}],"version-history":[{"count":14,"href":"https:\/\/laperlecafe.fr\/index.php\/wp-json\/wp\/v2\/pages\/320\/revisions"}],"predecessor-version":[{"id":960,"href":"https:\/\/laperlecafe.fr\/index.php\/wp-json\/wp\/v2\/pages\/320\/revisions\/960"}],"wp:attachment":[{"href":"https:\/\/laperlecafe.fr\/index.php\/wp-json\/wp\/v2\/media?parent=320"}],"curies":[{"name":"wp","href":"https:\/\/api.w.org\/{rel}","templated":true}]}}