{"id":568,"date":"2023-06-22T00:06:38","date_gmt":"2023-06-21T22:06:38","guid":{"rendered":"http:\/\/laperlecafe.fr\/?page_id=568"},"modified":"2023-06-22T00:17:24","modified_gmt":"2023-06-21T22:17:24","slug":"le-cafe-associatif","status":"publish","type":"page","link":"https:\/\/laperlecafe.fr\/index.php\/le-cafe-associatif\/","title":{"rendered":"Le caf\u00e9 associatif"},"content":{"rendered":"\n<p>Apr\u00e8s de longs mois rich\u00ades en rebondisse\u00adments et aven\u00adtures, La Per\u00adle est d\u00e9sor\u00admais vrai\u00adment <strong>notre<\/strong> bistrot. Nous avons pu racheter \u00e0 Lolo, tr\u00e8s offi\u00adcielle\u00adment, <a href=\"http:\/\/laperlecafe.fr\/index.php\/2023\/02\/26\/la-perle-elle-est-a-qui-elle-est-a-nous\/\">le 20 f\u00e9vri\u00ader 2023<\/a>, son fonds de com\u00admerce, gr\u00e2ce \u00e0 un for\u00admi\u00adda\u00adble \u00e9lan de g\u00e9n\u00e9rosit\u00e9 et gr\u00e2ce aux efforts de celles et ceux qui se sont \u00e9ch\u00adin\u00e9s \u00e0 \u00e9la\u00adbor\u00ader un mon\u00adtage financier, ont d\u00e9croch\u00e9 un pr\u00eat de France active, et fait en sorte que le pro\u00adjet ini\u00adtial devi\u00adenne r\u00e9alit\u00e9.<\/p>\n\n\n\n<p>Le 1<sup>er<\/sup> avril 2023, apr\u00e8s un mois de travaux r\u00e9al\u00adis\u00e9s par une \u00e9quipe de b\u00e9n\u00e9v\u00adoles du <a href=\"http:\/\/laperlecafe.fr\/index.php\/lassociation\/\">col\u00adlec\u00adtif per\u00adlusien<\/a>, La Per\u00adle nou\u00advelle for\u00admule a rou\u00advert ses portes. D\u00e9sor\u00admais, c\u2019est Cora, salari\u00e9e de l\u2019as\u00adso\u00adci\u00ada\u00adtion, qui tient les r\u00eanes et le comp\u00adtoir de main de ma\u00eetre.<\/p>\n\n\n\n<p>Les pre\u00admi\u00e8res semaines nous ont per\u00admis (mais, non, on ne va pas remerci\u00ader Dar\u00admanin) de renouer avec la tra\u00addi\u00adtion per\u00adlusi\u00adenne des retours de manif, et ils furent anim\u00e9s.<\/p>\n\n\n\n<p>Main\u00adtenant, pour pou\u00advoir main\u00adtenir autant que pos\u00adsi\u00adble les horaires d\u2019ou\u00adver\u00adture du caf\u00e9 et sat\u00adis\u00adfaire toutes les clien\u00adt\u00e8les, les habitu\u00e9\u00b7es du matin, les fid\u00e8les de l\u2019apr\u00e8s-midi et les inconditionnel\u00b7les des soir\u00e9es, des b\u00e9n\u00e9v\u00adoles de l\u2019as\u00adso\u00adci\u00ada\u00adtion passent der\u00adri\u00e8re le comp\u00adtoir. Par\u00admi eux, pre\u00admier d\u2019en\u00adtre nous\u2026 Lolo, bien&nbsp;s\u00fbr&nbsp;!<\/p>\n\n\n\n<p>Toutes et tous les ami\u00b7es de La Per\u00adle sont bienvenu\u00b7es pour venir don\u00adner un coup de main. Nous avons vrai\u00adment besoin de toutes les bonnes volon\u00adt\u00e9s pour que l\u2019id\u00e9e per\u00addure. Et ce n\u2019est vrai\u00adment pas une corv\u00e9e que de servir des ver\u00adres aux copains dans son bistrot pr\u00e9f\u00e9r\u00e9 ! Une \u2013 petite \u2013 for\u00adma\u00adtion est n\u00e9ces\u00adsaire et puis, hop ! En selle ! Si le c\u0153ur vous en dit, n\u2019h\u00e9sitez pas, il suf\u00adfit de venir \u00e0 La Per\u00adle et de laiss\u00ader ses coor\u00addon\u00adn\u00e9es pour \u00eatre convi\u00e9\u00b7e \u00e0 une session.<\/p>\n\n\n\n<p>D\u2019autre part, nous dis\u00adposons main\u00adtenant d\u2019un lieu \u2013 mag\u00adique \u2013 avec bar, ter\u00adrasse et salle au pre\u00admier \u00e9tage. Il serait dom\u00admage de ne pas le faire vivre encore plus et plus sou\u00advent. Celles et ceux qui ont des id\u00e9es d\u2019an\u00adi\u00adma\u00adtions, des tal\u00adents \u00e0 partager, de jeux \u00e0 faire d\u00e9cou\u00advrir, des films \u00e0 mon\u00adtr\u00ader, etc., et sont pr\u00eats \u00e0 s\u2019in\u00adve\u00adstir dans l\u2019or\u00adgan\u00adi\u00adsa\u00adtion d\u2019une ani\u00adma\u00adtion ponctuelle ou r\u00e9guli\u00e8re dans le bistrot sont invit\u00e9\u00b7es \u00e0 nous contacter.<\/p>\n\n\n\n<p><\/p>\n\n\n\n<p>\u00c0 bien\u00adt\u00f4t, \u00e0 La&nbsp;Perle&nbsp;!<\/p>\n\n\n\n<p class=\"has-cyan-bluish-gray-background-color has-background\">Pour celles et ceux qui auraient rat\u00e9 le d\u00e9but, retrou\u00advez en archive<a href=\"http:\/\/laperlecafe.fr\/index.php\/2023\/06\/22\/archives-2022-le-projet-de-reprise\/\"> l\u2019his\u00adtorique du pro\u00adjet<\/a>.<\/p>\n","protected":false},"excerpt":{"rendered":"<p>Apr\u00e8s de longs mois rich\u00ades en rebondisse\u00adments et aven\u00adtures, La Per\u00adle est d\u00e9sor\u00admais vrai\u00adment notre bistrot. Nous avons pu racheter \u00e0 Lolo, tr\u00e8s offi\u00adcielle\u00adment, le 20 f\u00e9vri\u00ader 2023, son&nbsp;fonds&nbsp;[\u2026]<\/p>\n","protected":false},"author":1,"featured_media":114,"parent":0,"menu_order":0,"comment_status":"closed","ping_status":"open","template":"","meta":{"wp_typography_post_enhancements_disabled":false,"footnotes":""},"class_list":["post-568","page","type-page","status-publish","has-post-thumbnail","hentry"],"yoast_head":"<!-- This site is optimized with the Yoast SEO plugin v26.5 - https:\/\/yoast.com\/wordpress\/plugins\/seo\/ -->\n<title>Le caf\u00e9 associatif - La Perle<\/title>\n<meta name=\"robots\" content=\"index, follow, max-snippet:-1, max-image-preview:large, max-video-preview:-1\" \/>\n<link rel=\"canonical\" href=\"https:\/\/laperlecafe.fr\/index.php\/le-cafe-associatif\/\" \/>\n<meta property=\"og:locale\" content=\"fr_FR\" \/>\n<meta property=\"og:type\" content=\"article\" \/>\n<meta property=\"og:title\" content=\"Le caf\u00e9 associatif - La Perle\" \/>\n<meta property=\"og:description\" content=\"Apr\u00e8s de longs mois rich\u00ades en rebondisse\u00adments et aven\u00adtures, La Per\u00adle est d\u00e9sor\u00admais vrai\u00adment notre bistrot. Nous avons pu racheter \u00e0 Lolo, tr\u00e8s offi\u00adcielle\u00adment, le 20 f\u00e9vri\u00ader 2023, son fonds [&hellip;]\" \/>\n<meta property=\"og:url\" content=\"https:\/\/laperlecafe.fr\/index.php\/le-cafe-associatif\/\" \/>\n<meta property=\"og:site_name\" content=\"La Perle\" \/>\n<meta property=\"article:modified_time\" content=\"2023-06-21T22:17:24+00:00\" \/>\n<meta property=\"og:image\" content=\"https:\/\/laperlecafe.fr\/wp-content\/uploads\/2020\/05\/31807901321_ddc9a68775_c.jpg\" \/>\n\t<meta property=\"og:image:width\" content=\"800\" \/>\n\t<meta property=\"og:image:height\" content=\"535\" \/>\n\t<meta property=\"og:image:type\" content=\"image\/jpeg\" \/>\n<meta name=\"twitter:card\" content=\"summary_large_image\" \/>\n<meta name=\"twitter:label1\" content=\"Dur\u00e9e de lecture estim\u00e9e\" \/>\n\t<meta name=\"twitter:data1\" content=\"2 minutes\" \/>\n<script type=\"application\/ld+json\" class=\"yoast-schema-graph\">{\"@context\":\"https:\/\/schema.org\",\"@graph\":[{\"@type\":\"WebPage\",\"@id\":\"https:\/\/laperlecafe.fr\/index.php\/le-cafe-associatif\/\",\"url\":\"https:\/\/laperlecafe.fr\/index.php\/le-cafe-associatif\/\",\"name\":\"Le caf\u00e9 associatif - La Perle\",\"isPartOf\":{\"@id\":\"https:\/\/laperlecafe.fr\/#website\"},\"primaryImageOfPage\":{\"@id\":\"https:\/\/laperlecafe.fr\/index.php\/le-cafe-associatif\/#primaryimage\"},\"image\":{\"@id\":\"https:\/\/laperlecafe.fr\/index.php\/le-cafe-associatif\/#primaryimage\"},\"thumbnailUrl\":\"https:\/\/laperlecafe.fr\/wp-content\/uploads\/2020\/05\/31807901321_ddc9a68775_c.jpg\",\"datePublished\":\"2023-06-21T22:06:38+00:00\",\"dateModified\":\"2023-06-21T22:17:24+00:00\",\"breadcrumb\":{\"@id\":\"https:\/\/laperlecafe.fr\/index.php\/le-cafe-associatif\/#breadcrumb\"},\"inLanguage\":\"fr-FR\",\"potentialAction\":[{\"@type\":\"ReadAction\",\"target\":[\"https:\/\/laperlecafe.fr\/index.php\/le-cafe-associatif\/\"]}]},{\"@type\":\"ImageObject\",\"inLanguage\":\"fr-FR\",\"@id\":\"https:\/\/laperlecafe.fr\/index.php\/le-cafe-associatif\/#primaryimage\",\"url\":\"https:\/\/laperlecafe.fr\/wp-content\/uploads\/2020\/05\/31807901321_ddc9a68775_c.jpg\",\"contentUrl\":\"https:\/\/laperlecafe.fr\/wp-content\/uploads\/2020\/05\/31807901321_ddc9a68775_c.jpg\",\"width\":800,\"height\":535},{\"@type\":\"BreadcrumbList\",\"@id\":\"https:\/\/laperlecafe.fr\/index.php\/le-cafe-associatif\/#breadcrumb\",\"itemListElement\":[{\"@type\":\"ListItem\",\"position\":1,\"name\":\"Accueil\",\"item\":\"https:\/\/laperlecafe.fr\/\"},{\"@type\":\"ListItem\",\"position\":2,\"name\":\"Le caf\u00e9 associatif\"}]},{\"@type\":\"WebSite\",\"@id\":\"https:\/\/laperlecafe.fr\/#website\",\"url\":\"https:\/\/laperlecafe.fr\/\",\"name\":\"La Perle\",\"description\":\"collectif perlusien\",\"publisher\":{\"@id\":\"https:\/\/laperlecafe.fr\/#organization\"},\"potentialAction\":[{\"@type\":\"SearchAction\",\"target\":{\"@type\":\"EntryPoint\",\"urlTemplate\":\"https:\/\/laperlecafe.fr\/?s={search_term_string}\"},\"query-input\":{\"@type\":\"PropertyValueSpecification\",\"valueRequired\":true,\"valueName\":\"search_term_string\"}}],\"inLanguage\":\"fr-FR\"},{\"@type\":\"Organization\",\"@id\":\"https:\/\/laperlecafe.fr\/#organization\",\"name\":\"La Perle\",\"url\":\"https:\/\/laperlecafe.fr\/\",\"logo\":{\"@type\":\"ImageObject\",\"inLanguage\":\"fr-FR\",\"@id\":\"https:\/\/laperlecafe.fr\/#\/schema\/logo\/image\/\",\"url\":\"https:\/\/laperlecafe.fr\/wp-content\/uploads\/2023\/03\/cropped-Bandeau-site-rouge.jpg\",\"contentUrl\":\"https:\/\/laperlecafe.fr\/wp-content\/uploads\/2023\/03\/cropped-Bandeau-site-rouge.jpg\",\"width\":2076,\"height\":300,\"caption\":\"La Perle\"},\"image\":{\"@id\":\"https:\/\/laperlecafe.fr\/#\/schema\/logo\/image\/\"}}]}<\/script>\n<!-- \/ Yoast SEO plugin. -->","yoast_head_json":{"title":"Le caf\u00e9 associatif - La Perle","robots":{"index":"index","follow":"follow","max-snippet":"max-snippet:-1","max-image-preview":"max-image-preview:large","max-video-preview":"max-video-preview:-1"},"canonical":"https:\/\/laperlecafe.fr\/index.php\/le-cafe-associatif\/","og_locale":"fr_FR","og_type":"article","og_title":"Le caf\u00e9 associatif - La Perle","og_description":"Apr\u00e8s de longs mois rich\u00ades en rebondisse\u00adments et aven\u00adtures, La Per\u00adle est d\u00e9sor\u00admais vrai\u00adment notre bistrot. Nous avons pu racheter \u00e0 Lolo, tr\u00e8s offi\u00adcielle\u00adment, le 20 f\u00e9vri\u00ader 2023, son fonds [&hellip;]","og_url":"https:\/\/laperlecafe.fr\/index.php\/le-cafe-associatif\/","og_site_name":"La Perle","article_modified_time":"2023-06-21T22:17:24+00:00","og_image":[{"width":800,"height":535,"url":"https:\/\/laperlecafe.fr\/wp-content\/uploads\/2020\/05\/31807901321_ddc9a68775_c.jpg","type":"image\/jpeg"}],"twitter_card":"summary_large_image","twitter_misc":{"Dur\u00e9e de lecture estim\u00e9e":"2 minutes"},"schema":{"@context":"https:\/\/schema.org","@graph":[{"@type":"WebPage","@id":"https:\/\/laperlecafe.fr\/index.php\/le-cafe-associatif\/","url":"https:\/\/laperlecafe.fr\/index.php\/le-cafe-associatif\/","name":"Le caf\u00e9 associatif - La Perle","isPartOf":{"@id":"https:\/\/laperlecafe.fr\/#website"},"primaryImageOfPage":{"@id":"https:\/\/laperlecafe.fr\/index.php\/le-cafe-associatif\/#primaryimage"},"image":{"@id":"https:\/\/laperlecafe.fr\/index.php\/le-cafe-associatif\/#primaryimage"},"thumbnailUrl":"https:\/\/laperlecafe.fr\/wp-content\/uploads\/2020\/05\/31807901321_ddc9a68775_c.jpg","datePublished":"2023-06-21T22:06:38+00:00","dateModified":"2023-06-21T22:17:24+00:00","breadcrumb":{"@id":"https:\/\/laperlecafe.fr\/index.php\/le-cafe-associatif\/#breadcrumb"},"inLanguage":"fr-FR","potentialAction":[{"@type":"ReadAction","target":["https:\/\/laperlecafe.fr\/index.php\/le-cafe-associatif\/"]}]},{"@type":"ImageObject","inLanguage":"fr-FR","@id":"https:\/\/laperlecafe.fr\/index.php\/le-cafe-associatif\/#primaryimage","url":"https:\/\/laperlecafe.fr\/wp-content\/uploads\/2020\/05\/31807901321_ddc9a68775_c.jpg","contentUrl":"https:\/\/laperlecafe.fr\/wp-content\/uploads\/2020\/05\/31807901321_ddc9a68775_c.jpg","width":800,"height":535},{"@type":"BreadcrumbList","@id":"https:\/\/laperlecafe.fr\/index.php\/le-cafe-associatif\/#breadcrumb","itemListElement":[{"@type":"ListItem","position":1,"name":"Accueil","item":"https:\/\/laperlecafe.fr\/"},{"@type":"ListItem","position":2,"name":"Le caf\u00e9 associatif"}]},{"@type":"WebSite","@id":"https:\/\/laperlecafe.fr\/#website","url":"https:\/\/laperlecafe.fr\/","name":"La Perle","description":"collectif perlusien","publisher":{"@id":"https:\/\/laperlecafe.fr\/#organization"},"potentialAction":[{"@type":"SearchAction","target":{"@type":"EntryPoint","urlTemplate":"https:\/\/laperlecafe.fr\/?s={search_term_string}"},"query-input":{"@type":"PropertyValueSpecification","valueRequired":true,"valueName":"search_term_string"}}],"inLanguage":"fr-FR"},{"@type":"Organization","@id":"https:\/\/laperlecafe.fr\/#organization","name":"La Perle","url":"https:\/\/laperlecafe.fr\/","logo":{"@type":"ImageObject","inLanguage":"fr-FR","@id":"https:\/\/laperlecafe.fr\/#\/schema\/logo\/image\/","url":"https:\/\/laperlecafe.fr\/wp-content\/uploads\/2023\/03\/cropped-Bandeau-site-rouge.jpg","contentUrl":"https:\/\/laperlecafe.fr\/wp-content\/uploads\/2023\/03\/cropped-Bandeau-site-rouge.jpg","width":2076,"height":300,"caption":"La Perle"},"image":{"@id":"https:\/\/laperlecafe.fr\/#\/schema\/logo\/image\/"}}]}},"_links":{"self":[{"href":"https:\/\/laperlecafe.fr\/index.php\/wp-json\/wp\/v2\/pages\/568","targetHints":{"allow":["GET"]}}],"collection":[{"href":"https:\/\/laperlecafe.fr\/index.php\/wp-json\/wp\/v2\/pages"}],"about":[{"href":"https:\/\/laperlecafe.fr\/index.php\/wp-json\/wp\/v2\/types\/page"}],"author":[{"embeddable":true,"href":"https:\/\/laperlecafe.fr\/index.php\/wp-json\/wp\/v2\/users\/1"}],"replies":[{"embeddable":true,"href":"https:\/\/laperlecafe.fr\/index.php\/wp-json\/wp\/v2\/comments?post=568"}],"version-history":[{"count":4,"href":"https:\/\/laperlecafe.fr\/index.php\/wp-json\/wp\/v2\/pages\/568\/revisions"}],"predecessor-version":[{"id":578,"href":"https:\/\/laperlecafe.fr\/index.php\/wp-json\/wp\/v2\/pages\/568\/revisions\/578"}],"wp:featuredmedia":[{"embeddable":true,"href":"https:\/\/laperlecafe.fr\/index.php\/wp-json\/wp\/v2\/media\/114"}],"wp:attachment":[{"href":"https:\/\/laperlecafe.fr\/index.php\/wp-json\/wp\/v2\/media?parent=568"}],"curies":[{"name":"wp","href":"https:\/\/api.w.org\/{rel}","templated":true}]}}