{"id":655,"date":"2023-09-11T18:39:29","date_gmt":"2023-09-11T16:39:29","guid":{"rendered":"http:\/\/laperlecafe.fr\/?page_id=655"},"modified":"2023-09-11T18:39:30","modified_gmt":"2023-09-11T16:39:30","slug":"politique-de-confidentialite-2","status":"publish","type":"page","link":"https:\/\/laperlecafe.fr\/index.php\/politique-de-confidentialite-2\/","title":{"rendered":"Politique de confidentialit\u00e9"},"content":{"rendered":"\n<h2 class=\"wp-block-heading\">Utilisation des cookies<\/h2>\n\n\n\n<p>Les cook\u00adies de ce site sont util\u00adis\u00e9s par le sys\u00adt\u00e8me de sta\u00adtis\u00adtique Google Ana\u00adlyt\u00adics, et par le sys\u00adt\u00e8me de ges\u00adtion de con\u00adtenu du site (Word\u00adPress).<\/p>\n\n\n\n<h2 class=\"wp-block-heading\">Abonnement \u00e0 l\u2019infolettre<\/h2>\n\n\n\n<p>Votre adresse \u00e9lec\u00adtron\u00adique sert \u00e0 vous envoy\u00ader chaque mois la pro\u00adgram\u00adma\u00adtion du&nbsp;caf\u00e9.&nbsp;<\/p>\n\n\n\n<p><\/p>\n\n\n\n<p>Les don\u00adn\u00e9es col\u00adlec\u00adt\u00e9es seront com\u00admu\u00adniqu\u00e9es aux seuls des\u00adti\u00adnataires suiv\u00adants&nbsp;:&nbsp;La Per\u00adle \u2013 col\u00adlec\u00adtif per\u00adlusien, asso\u00adci\u00ada\u00adtion loi 1901<br><br>Les don\u00adn\u00e9es sont con\u00adserv\u00e9es pen\u00addant toute la dur\u00e9e effec\u00adtive de l\u2019abonnement et sont sup\u00adprim\u00e9es \u00e0&nbsp;la fin de l\u2019abonnement. Elles ne ser\u00advent pas \u00e0&nbsp;faire de la prospec\u00adtion com\u00admer\u00adciale et ne sont pas trans\u00admis\u00ades \u00e0&nbsp;des tiers.<\/p>\n\n\n\n<p>Vous pou\u00advez deman\u00adder \u00e0&nbsp;rec\u00adti\u00adfi\u00ader vos donn\u00e9es<\/p>\n\n\n\n<p>Con\u00adsul\u00adtez le site&nbsp;<a href=\"https:\/\/cnil.fr\">cnil.fr<\/a> pour plus d\u2019informations sur vos droits.<\/p>\n\n\n\n<p>Pour exercer ces droits ou pour toute ques\u00adtion sur le traite\u00adment de vos don\u00adn\u00e9es dans ce dis\u00adposi\u00adtif, vous pou\u00advez nous con\u00adtac\u00adter <a href=\"https:\/\/lalettrealulu.fr\/contact\/\">via le for\u00admu\u00adlaire de contact.<\/a><\/p>\n\n\n\n<p>Si vous estimez, apr\u00e8s nous avoir con\u00adtac\u00adt\u00e9s, que vos droits \u00ab&nbsp;Infor\u00adma\u00adtique et Lib\u00adert\u00e9s&nbsp;\u00bb ne sont pas respec\u00adt\u00e9s, vous pou\u00advez adress\u00ader une r\u00e9cla\u00adma\u00adtion \u00e0&nbsp;la <em><a href=\"https:\/\/cnil.fr\">CNIL.<\/a><\/em><\/p>\n\n\n\n<h2 class=\"wp-block-heading\">Commentaires<\/h2>\n\n\n\n<p>Quand vous lais\u00adsez un com\u00admen\u00adtaire sur notre site, les don\u00adn\u00e9es inscrites dans le for\u00admu\u00adlaire de com\u00admen\u00adtaire, mais aus\u00adsi votre adresse IP et l\u2019agent util\u00adisa\u00adteur de votre nav\u00adi\u00adga\u00adteur sont col\u00adlec\u00adt\u00e9s pour nous aider \u00e0&nbsp;la d\u00e9tec\u00adtion des com\u00admen\u00adtaires ind\u00e9sirables.<\/p>\n\n\n\n<p>Si vous lais\u00adsez un com\u00admen\u00adtaire, le com\u00admen\u00adtaire et ses m\u00e9ta\u00addon\u00adn\u00e9es sont con\u00adserv\u00e9s ind\u00e9fin\u00adi\u00adment. Cela per\u00admet de recon\u00adna\u00eetre et approu\u00adver automa\u00adtique\u00adment les com\u00admen\u00adtaires suiv\u00adants au lieu de les laiss\u00ader dans la file de mod\u00e9ration.<\/p>\n","protected":false},"excerpt":{"rendered":"<p>Util\u00adi\u00adsa\u00adtion des cook\u00adies Les cook\u00adies de ce site sont util\u00adis\u00e9s par le sys\u00adt\u00e8me de sta\u00adtis\u00adtique Google Ana\u00adlyt\u00adics, et par le sys\u00adt\u00e8me de ges\u00adtion de con\u00adtenu du site (Word\u00adPress). Abon\u00adnement \u00e0&nbsp;[\u2026]<\/p>\n","protected":false},"author":1,"featured_media":0,"parent":0,"menu_order":0,"comment_status":"closed","ping_status":"closed","template":"","meta":{"wp_typography_post_enhancements_disabled":false,"footnotes":""},"class_list":["post-655","page","type-page","status-publish","hentry"],"yoast_head":"<!-- This site is optimized with the Yoast SEO plugin v26.5 - https:\/\/yoast.com\/wordpress\/plugins\/seo\/ -->\n<title>Politique de confidentialit\u00e9 - La Perle<\/title>\n<meta name=\"robots\" content=\"index, follow, max-snippet:-1, max-image-preview:large, max-video-preview:-1\" \/>\n<link rel=\"canonical\" href=\"https:\/\/laperlecafe.fr\/index.php\/politique-de-confidentialite-2\/\" \/>\n<meta property=\"og:locale\" content=\"fr_FR\" \/>\n<meta property=\"og:type\" content=\"article\" \/>\n<meta property=\"og:title\" content=\"Politique de confidentialit\u00e9 - La Perle\" \/>\n<meta property=\"og:description\" content=\"Utilisation des cookies Les cook\u00adies de ce site sont util\u00adis\u00e9s par le sys\u00adt\u00e8me de sta\u00adtis\u00adtique Google Ana\u00adlyt\u00adics, et par le sys\u00adt\u00e8me de ges\u00adtion de con\u00adtenu du site (Word\u00adPress). Abonnement \u00e0 [&hellip;]\" \/>\n<meta property=\"og:url\" content=\"https:\/\/laperlecafe.fr\/index.php\/politique-de-confidentialite-2\/\" \/>\n<meta property=\"og:site_name\" content=\"La Perle\" \/>\n<meta property=\"article:modified_time\" content=\"2023-09-11T16:39:30+00:00\" \/>\n<meta name=\"twitter:card\" content=\"summary_large_image\" \/>\n<meta name=\"twitter:label1\" content=\"Dur\u00e9e de lecture estim\u00e9e\" \/>\n\t<meta name=\"twitter:data1\" content=\"2 minutes\" \/>\n<script type=\"application\/ld+json\" class=\"yoast-schema-graph\">{\"@context\":\"https:\/\/schema.org\",\"@graph\":[{\"@type\":\"WebPage\",\"@id\":\"https:\/\/laperlecafe.fr\/index.php\/politique-de-confidentialite-2\/\",\"url\":\"https:\/\/laperlecafe.fr\/index.php\/politique-de-confidentialite-2\/\",\"name\":\"Politique de confidentialit\u00e9 - La Perle\",\"isPartOf\":{\"@id\":\"https:\/\/laperlecafe.fr\/#website\"},\"datePublished\":\"2023-09-11T16:39:29+00:00\",\"dateModified\":\"2023-09-11T16:39:30+00:00\",\"breadcrumb\":{\"@id\":\"https:\/\/laperlecafe.fr\/index.php\/politique-de-confidentialite-2\/#breadcrumb\"},\"inLanguage\":\"fr-FR\",\"potentialAction\":[{\"@type\":\"ReadAction\",\"target\":[\"https:\/\/laperlecafe.fr\/index.php\/politique-de-confidentialite-2\/\"]}]},{\"@type\":\"BreadcrumbList\",\"@id\":\"https:\/\/laperlecafe.fr\/index.php\/politique-de-confidentialite-2\/#breadcrumb\",\"itemListElement\":[{\"@type\":\"ListItem\",\"position\":1,\"name\":\"Accueil\",\"item\":\"https:\/\/laperlecafe.fr\/\"},{\"@type\":\"ListItem\",\"position\":2,\"name\":\"Politique de confidentialit\u00e9\"}]},{\"@type\":\"WebSite\",\"@id\":\"https:\/\/laperlecafe.fr\/#website\",\"url\":\"https:\/\/laperlecafe.fr\/\",\"name\":\"La Perle\",\"description\":\"collectif perlusien\",\"publisher\":{\"@id\":\"https:\/\/laperlecafe.fr\/#organization\"},\"potentialAction\":[{\"@type\":\"SearchAction\",\"target\":{\"@type\":\"EntryPoint\",\"urlTemplate\":\"https:\/\/laperlecafe.fr\/?s={search_term_string}\"},\"query-input\":{\"@type\":\"PropertyValueSpecification\",\"valueRequired\":true,\"valueName\":\"search_term_string\"}}],\"inLanguage\":\"fr-FR\"},{\"@type\":\"Organization\",\"@id\":\"https:\/\/laperlecafe.fr\/#organization\",\"name\":\"La Perle\",\"url\":\"https:\/\/laperlecafe.fr\/\",\"logo\":{\"@type\":\"ImageObject\",\"inLanguage\":\"fr-FR\",\"@id\":\"https:\/\/laperlecafe.fr\/#\/schema\/logo\/image\/\",\"url\":\"https:\/\/laperlecafe.fr\/wp-content\/uploads\/2023\/03\/cropped-Bandeau-site-rouge.jpg\",\"contentUrl\":\"https:\/\/laperlecafe.fr\/wp-content\/uploads\/2023\/03\/cropped-Bandeau-site-rouge.jpg\",\"width\":2076,\"height\":300,\"caption\":\"La Perle\"},\"image\":{\"@id\":\"https:\/\/laperlecafe.fr\/#\/schema\/logo\/image\/\"}}]}<\/script>\n<!-- \/ Yoast SEO plugin. -->","yoast_head_json":{"title":"Politique de confidentialit\u00e9 - La Perle","robots":{"index":"index","follow":"follow","max-snippet":"max-snippet:-1","max-image-preview":"max-image-preview:large","max-video-preview":"max-video-preview:-1"},"canonical":"https:\/\/laperlecafe.fr\/index.php\/politique-de-confidentialite-2\/","og_locale":"fr_FR","og_type":"article","og_title":"Politique de confidentialit\u00e9 - La Perle","og_description":"Utilisation des cookies Les cook\u00adies de ce site sont util\u00adis\u00e9s par le sys\u00adt\u00e8me de sta\u00adtis\u00adtique Google Ana\u00adlyt\u00adics, et par le sys\u00adt\u00e8me de ges\u00adtion de con\u00adtenu du site (Word\u00adPress). Abonnement \u00e0 [&hellip;]","og_url":"https:\/\/laperlecafe.fr\/index.php\/politique-de-confidentialite-2\/","og_site_name":"La Perle","article_modified_time":"2023-09-11T16:39:30+00:00","twitter_card":"summary_large_image","twitter_misc":{"Dur\u00e9e de lecture estim\u00e9e":"2 minutes"},"schema":{"@context":"https:\/\/schema.org","@graph":[{"@type":"WebPage","@id":"https:\/\/laperlecafe.fr\/index.php\/politique-de-confidentialite-2\/","url":"https:\/\/laperlecafe.fr\/index.php\/politique-de-confidentialite-2\/","name":"Politique de confidentialit\u00e9 - La Perle","isPartOf":{"@id":"https:\/\/laperlecafe.fr\/#website"},"datePublished":"2023-09-11T16:39:29+00:00","dateModified":"2023-09-11T16:39:30+00:00","breadcrumb":{"@id":"https:\/\/laperlecafe.fr\/index.php\/politique-de-confidentialite-2\/#breadcrumb"},"inLanguage":"fr-FR","potentialAction":[{"@type":"ReadAction","target":["https:\/\/laperlecafe.fr\/index.php\/politique-de-confidentialite-2\/"]}]},{"@type":"BreadcrumbList","@id":"https:\/\/laperlecafe.fr\/index.php\/politique-de-confidentialite-2\/#breadcrumb","itemListElement":[{"@type":"ListItem","position":1,"name":"Accueil","item":"https:\/\/laperlecafe.fr\/"},{"@type":"ListItem","position":2,"name":"Politique de confidentialit\u00e9"}]},{"@type":"WebSite","@id":"https:\/\/laperlecafe.fr\/#website","url":"https:\/\/laperlecafe.fr\/","name":"La Perle","description":"collectif perlusien","publisher":{"@id":"https:\/\/laperlecafe.fr\/#organization"},"potentialAction":[{"@type":"SearchAction","target":{"@type":"EntryPoint","urlTemplate":"https:\/\/laperlecafe.fr\/?s={search_term_string}"},"query-input":{"@type":"PropertyValueSpecification","valueRequired":true,"valueName":"search_term_string"}}],"inLanguage":"fr-FR"},{"@type":"Organization","@id":"https:\/\/laperlecafe.fr\/#organization","name":"La Perle","url":"https:\/\/laperlecafe.fr\/","logo":{"@type":"ImageObject","inLanguage":"fr-FR","@id":"https:\/\/laperlecafe.fr\/#\/schema\/logo\/image\/","url":"https:\/\/laperlecafe.fr\/wp-content\/uploads\/2023\/03\/cropped-Bandeau-site-rouge.jpg","contentUrl":"https:\/\/laperlecafe.fr\/wp-content\/uploads\/2023\/03\/cropped-Bandeau-site-rouge.jpg","width":2076,"height":300,"caption":"La Perle"},"image":{"@id":"https:\/\/laperlecafe.fr\/#\/schema\/logo\/image\/"}}]}},"_links":{"self":[{"href":"https:\/\/laperlecafe.fr\/index.php\/wp-json\/wp\/v2\/pages\/655","targetHints":{"allow":["GET"]}}],"collection":[{"href":"https:\/\/laperlecafe.fr\/index.php\/wp-json\/wp\/v2\/pages"}],"about":[{"href":"https:\/\/laperlecafe.fr\/index.php\/wp-json\/wp\/v2\/types\/page"}],"author":[{"embeddable":true,"href":"https:\/\/laperlecafe.fr\/index.php\/wp-json\/wp\/v2\/users\/1"}],"replies":[{"embeddable":true,"href":"https:\/\/laperlecafe.fr\/index.php\/wp-json\/wp\/v2\/comments?post=655"}],"version-history":[{"count":1,"href":"https:\/\/laperlecafe.fr\/index.php\/wp-json\/wp\/v2\/pages\/655\/revisions"}],"predecessor-version":[{"id":656,"href":"https:\/\/laperlecafe.fr\/index.php\/wp-json\/wp\/v2\/pages\/655\/revisions\/656"}],"wp:attachment":[{"href":"https:\/\/laperlecafe.fr\/index.php\/wp-json\/wp\/v2\/media?parent=655"}],"curies":[{"name":"wp","href":"https:\/\/api.w.org\/{rel}","templated":true}]}}